{"id":414,"date":"2020-07-17T15:43:13","date_gmt":"2020-07-17T13:43:13","guid":{"rendered":"http:\/\/apartmanyallis.cz\/?page_id=414"},"modified":"2024-04-10T13:02:29","modified_gmt":"2024-04-10T11:02:29","slug":"apartman-3","status":"publish","type":"page","link":"https:\/\/apartmanyallis.cz\/index.php\/apartman-3\/","title":{"rendered":"Apartm\u00e1n \u010d.3"},"content":{"rendered":"\t\t<div data-elementor-type=\"wp-page\" data-elementor-id=\"414\" class=\"elementor elementor-414\" data-elementor-post-type=\"page\">\n\t\t\t\t\t\t\t\t\t<section class=\"elementor-section elementor-top-section elementor-element elementor-element-3795832 elementor-section-full_width elementor-section-height-default elementor-section-height-default\" data-id=\"3795832\" data-element_type=\"section\">\n\t\t\t\t\t\t<div class=\"elementor-container elementor-column-gap-default\">\n\t\t\t\t\t<div class=\"elementor-column elementor-col-50 elementor-top-column elementor-element elementor-element-9b6accc\" data-id=\"9b6accc\" data-element_type=\"column\" data-settings=\"{&quot;background_background&quot;:&quot;classic&quot;}\">\n\t\t\t<div class=\"elementor-widget-wrap elementor-element-populated\">\n\t\t\t\t\t\t\t\t<div class=\"elementor-element elementor-element-f16248b elementor-mobile-align-center elementor-align-left elementor-widget elementor-widget-button\" data-id=\"f16248b\" data-element_type=\"widget\" data-widget_type=\"button.default\">\n\t\t\t\t<div class=\"elementor-widget-container\">\n\t\t\t\t\t<div class=\"elementor-button-wrapper\">\n\t\t\t<a class=\"elementor-button elementor-button-link elementor-size-sm\" href=\"index.php\/#apartmany\">\n\t\t\t\t\t\t<span class=\"elementor-button-content-wrapper\">\n\t\t\t\t\t\t<span class=\"elementor-button-text\">zp\u011bt na v\u00fdb\u011br apartm\u00e1nu<\/span>\n\t\t<\/span>\n\t\t\t\t\t<\/a>\n\t\t<\/div>\n\t\t\t\t<\/div>\n\t\t\t\t<\/div>\n\t\t\t\t<div class=\"elementor-element elementor-element-2892268 elementor-invisible elementor-widget elementor-widget-text-editor\" data-id=\"2892268\" data-element_type=\"widget\" data-settings=\"{&quot;_animation&quot;:&quot;slideInUp&quot;,&quot;_animation_delay&quot;:0}\" data-widget_type=\"text-editor.default\">\n\t\t\t\t<div class=\"elementor-widget-container\">\n\t\t\t\t\t\t\t<p>Apartm\u00e1n \u010d. 3\u00a0<\/p>\t\t\t\t\t\t<\/div>\n\t\t\t\t<\/div>\n\t\t\t\t<div class=\"elementor-element elementor-element-30b233d elementor-invisible elementor-widget elementor-widget-text-editor\" data-id=\"30b233d\" data-element_type=\"widget\" data-settings=\"{&quot;_animation&quot;:&quot;fadeInUp&quot;}\" data-widget_type=\"text-editor.default\">\n\t\t\t\t<div class=\"elementor-widget-container\">\n\t\t\t\t\t\t\t<p>2 lo\u017enice, 4 l\u016f\u017eka, no\u010dn\u00ed stolky, lampi\u010dky, \u0161atn\u00ed sk\u0159\u00edn\u011b<\/p>\t\t\t\t\t\t<\/div>\n\t\t\t\t<\/div>\n\t\t\t\t<div class=\"elementor-element elementor-element-9839ab0 elementor-invisible elementor-widget elementor-widget-text-editor\" data-id=\"9839ab0\" data-element_type=\"widget\" data-settings=\"{&quot;_animation&quot;:&quot;fadeInUp&quot;}\" data-widget_type=\"text-editor.default\">\n\t\t\t\t<div class=\"elementor-widget-container\">\n\t\t\t\t\t\t\t<p><strong><img decoding=\"async\" class=\"alignnone size-full wp-image-360\" src=\"http:\/\/apartmanyallis.cz\/wp-content\/uploads\/2020\/07\/bath-2.png\" alt=\"\" width=\"32\" height=\"32\" \/>\u00a0 koupelna<\/strong> (wc, sprchov\u00fd kout, umyvadlo se sk\u0159\u00ed\u0148kami, f\u00e9n)<\/p><p><img decoding=\"async\" class=\"alignnone size-full wp-image-369\" src=\"http:\/\/apartmanyallis.cz\/wp-content\/uploads\/2020\/07\/kitchen-2.png\" alt=\"\" width=\"32\" height=\"32\" \/>\u00a0 <strong>kuchyn\u011b<\/strong> (d\u0159ez, my\u010dka, lednice s mraz\u00e1kem, varn\u00e1 deska, trouba s grilem, mikrovln\u00e1 trouba, rychlovarn\u00e1 konvice, digesto\u0159, topinkova\u010d)<\/p><p><strong><img decoding=\"async\" class=\"alignnone size-full wp-image-361\" src=\"http:\/\/apartmanyallis.cz\/wp-content\/uploads\/2020\/07\/dinner-1.png\" alt=\"\" width=\"32\" height=\"32\" \/>\u00a0 j\u00eddeln\u00ed kout<\/strong> (st\u016fl + 6 \u017eidl\u00ed)<\/p><p><strong><img loading=\"lazy\" decoding=\"async\" class=\"alignnone size-full wp-image-368\" src=\"http:\/\/apartmanyallis.cz\/wp-content\/uploads\/2020\/07\/sofa-2.png\" alt=\"\" width=\"32\" height=\"32\" \/> ob\u00fdv\u00e1k<\/strong> (rozkl\u00e1dac\u00ed gau\u010d \/2 l\u016f\u017eka\/, dv\u011b k\u0159esla, konferen\u010dn\u00ed stolek, TV)<\/p><p><strong><img loading=\"lazy\" decoding=\"async\" class=\"alignnone size-full wp-image-363\" src=\"http:\/\/apartmanyallis.cz\/wp-content\/uploads\/2020\/07\/terrace.png\" alt=\"\" width=\"32\" height=\"32\" \/>\u00a0 terasa s posezen\u00edm<\/strong> &#8211; v\u00fdhled na jezero ( st\u016fl + 6 \u017eidl\u00ed)<\/p><p><strong><img loading=\"lazy\" decoding=\"async\" class=\"alignnone size-full wp-image-366\" src=\"http:\/\/apartmanyallis.cz\/wp-content\/uploads\/2020\/07\/wifi-1.png\" alt=\"\" width=\"32\" height=\"32\" \/>\u00a0 Wifi<\/strong><\/p><p>Do ka\u017ed\u00e9ho AP je mo\u017en\u00e9 p\u0159idat d\u011btskou post\u00fdlku.<\/p>\t\t\t\t\t\t<\/div>\n\t\t\t\t<\/div>\n\t\t\t\t<section class=\"elementor-section elementor-inner-section elementor-element elementor-element-c147d6d elementor-section-boxed elementor-section-height-default elementor-section-height-default\" data-id=\"c147d6d\" data-element_type=\"section\">\n\t\t\t\t\t\t<div class=\"elementor-container elementor-column-gap-default\">\n\t\t\t\t\t<div class=\"elementor-column elementor-col-50 elementor-inner-column elementor-element elementor-element-14dd149\" data-id=\"14dd149\" data-element_type=\"column\">\n\t\t\t<div class=\"elementor-widget-wrap elementor-element-populated\">\n\t\t\t\t\t\t\t\t<div class=\"elementor-element elementor-element-196eb59 elementor-widget elementor-widget-text-editor\" data-id=\"196eb59\" data-element_type=\"widget\" data-widget_type=\"text-editor.default\">\n\t\t\t\t<div class=\"elementor-widget-container\">\n\t\t\t\t\t\t\t<p>pro 4-6 osob<\/p>\t\t\t\t\t\t<\/div>\n\t\t\t\t<\/div>\n\t\t\t\t<div class=\"elementor-element elementor-element-71009ef elementor-widget elementor-widget-text-editor\" data-id=\"71009ef\" data-element_type=\"widget\" data-widget_type=\"text-editor.default\">\n\t\t\t\t<div class=\"elementor-widget-container\">\n\t\t\t\t\t\t\t<p>sezona \/ mimo sez\u00f3nu<\/p>\t\t\t\t\t\t<\/div>\n\t\t\t\t<\/div>\n\t\t\t\t<div class=\"elementor-element elementor-element-44ab7a5 elementor-widget elementor-widget-text-editor\" data-id=\"44ab7a5\" data-element_type=\"widget\" data-widget_type=\"text-editor.default\">\n\t\t\t\t<div class=\"elementor-widget-container\">\n\t\t\t\t\t\t\t<p>3100\/2900 K\u010d za noc<\/p>\t\t\t\t\t\t<\/div>\n\t\t\t\t<\/div>\n\t\t\t\t\t<\/div>\n\t\t<\/div>\n\t\t\t\t<div class=\"elementor-column elementor-col-50 elementor-inner-column elementor-element elementor-element-3e00941\" data-id=\"3e00941\" data-element_type=\"column\">\n\t\t\t<div class=\"elementor-widget-wrap elementor-element-populated\">\n\t\t\t\t\t\t\t\t<div class=\"elementor-element elementor-element-97a00bd elementor-mobile-align-center elementor-align-right elementor-widget__width-initial elementor-widget elementor-widget-button\" data-id=\"97a00bd\" data-element_type=\"widget\" data-widget_type=\"button.default\">\n\t\t\t\t<div class=\"elementor-widget-container\">\n\t\t\t\t\t<div class=\"elementor-button-wrapper\">\n\t\t\t<a class=\"elementor-button elementor-button-link elementor-size-md\" href=\"http:\/\/apartmanyallis.cz\/#dotaz\">\n\t\t\t\t\t\t<span class=\"elementor-button-content-wrapper\">\n\t\t\t\t\t\t<span class=\"elementor-button-icon elementor-align-icon-left\">\n\t\t\t\t<svg xmlns=\"http:\/\/www.w3.org\/2000\/svg\" viewBox=\"0 0 28.21 35.64\"><defs><style>.cls-1{fill:#f3e6de;}<\/style><\/defs><g id=\"Vrstva_2\" data-name=\"Vrstva 2\"><g id=\"Vrstva_1-2\" data-name=\"Vrstva 1\"><path class=\"cls-1\" d=\"M14.11,11.88a3.71,3.71,0,1,0,3.71,3.71A3.72,3.72,0,0,0,14.11,11.88Zm0,5.94a2.23,2.23,0,1,1,2.22-2.23A2.23,2.23,0,0,1,14.11,17.82Z\"><\/path><path class=\"cls-1\" d=\"M24.5,0H3.71A3.71,3.71,0,0,0,0,3.71v8.91a3.71,3.71,0,0,0,3.71,3.71h7.43a.74.74,0,0,0,0-1.48H3.71a2.23,2.23,0,0,1-2.23-2.23V3.71A2.23,2.23,0,0,1,3.71,1.48H24.5a2.23,2.23,0,0,1,2.23,2.23v8.91a2.23,2.23,0,0,1-2.23,2.23H17.08a.74.74,0,1,0,0,1.48H24.5a3.71,3.71,0,0,0,3.71-3.71V3.71A3.71,3.71,0,0,0,24.5,0Z\"><\/path><path class=\"cls-1\" d=\"M14.11,17.82a.75.75,0,0,0-.75.74V31.93a.75.75,0,0,0,.75.74.74.74,0,0,0,.74-.74V18.56A.74.74,0,0,0,14.11,17.82Z\"><\/path><path class=\"cls-1\" d=\"M14.11,31.18c-3.81,0-6.69,1.6-6.69,3.72a.75.75,0,0,0,.75.74H20.05a.74.74,0,0,0,.74-.74C20.79,32.78,17.92,31.18,14.11,31.18Zm-4.85,3c.73-.79,2.57-1.48,4.85-1.48A7.11,7.11,0,0,1,19,34.15Z\"><\/path><path class=\"cls-1\" d=\"M23,4.45H5.2a.76.76,0,0,0-.75.75.75.75,0,0,0,.75.74H23a.74.74,0,0,0,.74-.74A.75.75,0,0,0,23,4.45Z\"><\/path><path class=\"cls-1\" d=\"M20.05,7.42H8.17a.76.76,0,0,0-.75.75.75.75,0,0,0,.75.74H20.05a.74.74,0,0,0,.74-.74A.75.75,0,0,0,20.05,7.42Z\"><\/path><\/g><\/g><\/svg>\t\t\t<\/span>\n\t\t\t\t\t\t<span class=\"elementor-button-text\">Rezervovat apartm\u00e1n<\/span>\n\t\t<\/span>\n\t\t\t\t\t<\/a>\n\t\t<\/div>\n\t\t\t\t<\/div>\n\t\t\t\t<\/div>\n\t\t\t\t\t<\/div>\n\t\t<\/div>\n\t\t\t\t\t\t\t<\/div>\n\t\t<\/section>\n\t\t\t\t\t<\/div>\n\t\t<\/div>\n\t\t\t\t<div class=\"elementor-column elementor-col-50 elementor-top-column elementor-element elementor-element-cf1e76c elementor-hidden-phone\" data-id=\"cf1e76c\" data-element_type=\"column\" data-settings=\"{&quot;background_background&quot;:&quot;classic&quot;}\">\n\t\t\t<div class=\"elementor-widget-wrap\">\n\t\t\t\t\t\t\t\t\t<\/div>\n\t\t<\/div>\n\t\t\t\t\t\t\t<\/div>\n\t\t<\/section>\n\t\t\t\t<section class=\"elementor-section elementor-top-section elementor-element elementor-element-dffa9ad elementor-section-boxed elementor-section-height-default elementor-section-height-default\" data-id=\"dffa9ad\" data-element_type=\"section\" data-settings=\"{&quot;background_background&quot;:&quot;classic&quot;}\">\n\t\t\t\t\t\t<div class=\"elementor-container elementor-column-gap-default\">\n\t\t\t\t\t<div class=\"elementor-column elementor-col-50 elementor-top-column elementor-element elementor-element-efd0de5\" data-id=\"efd0de5\" data-element_type=\"column\">\n\t\t\t<div class=\"elementor-widget-wrap elementor-element-populated\">\n\t\t\t\t\t\t\t\t<div class=\"elementor-element elementor-element-46f2ac4 elementor-widget__width-initial elementor-invisible elementor-widget elementor-widget-text-editor\" data-id=\"46f2ac4\" data-element_type=\"widget\" data-settings=\"{&quot;_animation&quot;:&quot;fadeInUp&quot;}\" data-widget_type=\"text-editor.default\">\n\t\t\t\t<div class=\"elementor-widget-container\">\n\t\t\t\t\t\t\t<ul>\n<li>Zap\u016fj\u010den\u00ed post\u00fdlky v\u010detn\u011b povle\u010den\u00ed K\u010d <strong>400,- K\u010d \/ pobyt<\/strong>.<\/li>\n<li>\u010cas p\u0159\u00edjezdu: <strong>15.00 hodin<\/strong> \u010cas odjezdu: <strong>10.00 hodin<\/strong>.&nbsp;<\/li>\n<\/ul>\t\t\t\t\t\t<\/div>\n\t\t\t\t<\/div>\n\t\t\t\t\t<\/div>\n\t\t<\/div>\n\t\t\t\t<div class=\"elementor-column elementor-col-50 elementor-top-column elementor-element elementor-element-d5b3ebc\" data-id=\"d5b3ebc\" data-element_type=\"column\">\n\t\t\t<div class=\"elementor-widget-wrap elementor-element-populated\">\n\t\t\t\t\t\t\t\t<div class=\"elementor-element elementor-element-bbe7e26 elementor-widget__width-initial elementor-invisible elementor-widget elementor-widget-text-editor\" data-id=\"bbe7e26\" data-element_type=\"widget\" data-settings=\"{&quot;_animation&quot;:&quot;fadeInUp&quot;}\" data-widget_type=\"text-editor.default\">\n\t\t\t\t<div class=\"elementor-widget-container\">\n\t\t\t\t\t\t\t<ul><li>Hlavn\u00ed sezona: <strong>5.1.-31.3., 27.6.-31.8.<\/strong><\/li><li>Vedlej\u0161\u00ed sezona: <strong>1.4.-26.6., 1.9.-20.12.<\/strong><\/li><\/ul>\t\t\t\t\t\t<\/div>\n\t\t\t\t<\/div>\n\t\t\t\t\t<\/div>\n\t\t<\/div>\n\t\t\t\t\t\t\t<\/div>\n\t\t<\/section>\n\t\t\t\t<section class=\"elementor-section elementor-top-section elementor-element elementor-element-4ad06eb elementor-section-full_width elementor-section-height-default elementor-section-height-default\" data-id=\"4ad06eb\" data-element_type=\"section\" data-settings=\"{&quot;background_background&quot;:&quot;classic&quot;}\">\n\t\t\t\t\t\t<div class=\"elementor-container elementor-column-gap-default\">\n\t\t\t\t\t<div class=\"elementor-column elementor-col-100 elementor-top-column elementor-element elementor-element-6ecaba0\" data-id=\"6ecaba0\" data-element_type=\"column\">\n\t\t\t<div class=\"elementor-widget-wrap elementor-element-populated\">\n\t\t\t\t\t\t\t\t<div class=\"elementor-element elementor-element-44d79dc elementor-invisible elementor-widget elementor-widget-text-editor\" data-id=\"44d79dc\" data-element_type=\"widget\" data-settings=\"{&quot;_animation&quot;:&quot;slideInUp&quot;,&quot;_animation_delay&quot;:1000}\" data-widget_type=\"text-editor.default\">\n\t\t\t\t<div class=\"elementor-widget-container\">\n\t\t\t\t\t\t\t<p>Fotogalerie<\/p>\t\t\t\t\t\t<\/div>\n\t\t\t\t<\/div>\n\t\t\t\t<div class=\"elementor-element elementor-element-4f060cc elementor-widget elementor-widget-gallery\" data-id=\"4f060cc\" data-element_type=\"widget\" data-settings=\"{&quot;gallery_layout&quot;:&quot;masonry&quot;,&quot;lazyload&quot;:&quot;yes&quot;,&quot;columns&quot;:4,&quot;columns_tablet&quot;:2,&quot;columns_mobile&quot;:1,&quot;gap&quot;:{&quot;unit&quot;:&quot;px&quot;,&quot;size&quot;:10,&quot;sizes&quot;:[]},&quot;gap_tablet&quot;:{&quot;unit&quot;:&quot;px&quot;,&quot;size&quot;:10,&quot;sizes&quot;:[]},&quot;gap_mobile&quot;:{&quot;unit&quot;:&quot;px&quot;,&quot;size&quot;:10,&quot;sizes&quot;:[]},&quot;link_to&quot;:&quot;file&quot;,&quot;overlay_background&quot;:&quot;yes&quot;,&quot;content_hover_animation&quot;:&quot;fade-in&quot;}\" data-widget_type=\"gallery.default\">\n\t\t\t\t<div class=\"elementor-widget-container\">\n\t\t\t\t\t<div class=\"elementor-gallery__container\">\n\t\t\t\t\t\t\t<a class=\"e-gallery-item elementor-gallery-item elementor-animated-content\" href=\"https:\/\/apartmanyallis.cz\/wp-content\/uploads\/2020\/07\/IMG_6808.jpg\" data-elementor-open-lightbox=\"yes\" data-elementor-lightbox-slideshow=\"4f060cc\" data-e-action-hash=\"#elementor-action%3Aaction%3Dlightbox%26settings%3DeyJpZCI6MTg5LCJ1cmwiOiJodHRwczpcL1wvYXBhcnRtYW55YWxsaXMuY3pcL3dwLWNvbnRlbnRcL3VwbG9hZHNcLzIwMjBcLzA3XC9JTUdfNjgwOC5qcGciLCJzbGlkZXNob3ciOiI0ZjA2MGNjIn0%3D\">\n\t\t\t\t\t<div class=\"e-gallery-image elementor-gallery-item__image\" data-thumbnail=\"https:\/\/apartmanyallis.cz\/wp-content\/uploads\/2020\/07\/IMG_6808-300x200.jpg\" data-width=\"300\" data-height=\"200\" aria-label=\"\" role=\"img\" ><\/div>\n\t\t\t\t\t\t\t\t\t\t\t<div class=\"elementor-gallery-item__overlay\"><\/div>\n\t\t\t\t\t\t\t\t\t\t\t\t\t\t<\/a>\n\t\t\t\t\t\t\t<a class=\"e-gallery-item elementor-gallery-item elementor-animated-content\" href=\"https:\/\/apartmanyallis.cz\/wp-content\/uploads\/2020\/07\/IMG_6828.jpg\" data-elementor-open-lightbox=\"yes\" data-elementor-lightbox-slideshow=\"4f060cc\" data-e-action-hash=\"#elementor-action%3Aaction%3Dlightbox%26settings%3DeyJpZCI6MTkyLCJ1cmwiOiJodHRwczpcL1wvYXBhcnRtYW55YWxsaXMuY3pcL3dwLWNvbnRlbnRcL3VwbG9hZHNcLzIwMjBcLzA3XC9JTUdfNjgyOC5qcGciLCJzbGlkZXNob3ciOiI0ZjA2MGNjIn0%3D\">\n\t\t\t\t\t<div class=\"e-gallery-image elementor-gallery-item__image\" data-thumbnail=\"https:\/\/apartmanyallis.cz\/wp-content\/uploads\/2020\/07\/IMG_6828-300x200.jpg\" data-width=\"300\" data-height=\"200\" aria-label=\"\" role=\"img\" ><\/div>\n\t\t\t\t\t\t\t\t\t\t\t<div class=\"elementor-gallery-item__overlay\"><\/div>\n\t\t\t\t\t\t\t\t\t\t\t\t\t\t<\/a>\n\t\t\t\t\t\t\t<a class=\"e-gallery-item elementor-gallery-item elementor-animated-content\" href=\"https:\/\/apartmanyallis.cz\/wp-content\/uploads\/2020\/07\/IMG_6816.jpg\" data-elementor-open-lightbox=\"yes\" data-elementor-lightbox-slideshow=\"4f060cc\" data-e-action-hash=\"#elementor-action%3Aaction%3Dlightbox%26settings%3DeyJpZCI6MTkwLCJ1cmwiOiJodHRwczpcL1wvYXBhcnRtYW55YWxsaXMuY3pcL3dwLWNvbnRlbnRcL3VwbG9hZHNcLzIwMjBcLzA3XC9JTUdfNjgxNi5qcGciLCJzbGlkZXNob3ciOiI0ZjA2MGNjIn0%3D\">\n\t\t\t\t\t<div class=\"e-gallery-image elementor-gallery-item__image\" data-thumbnail=\"https:\/\/apartmanyallis.cz\/wp-content\/uploads\/2020\/07\/IMG_6816-300x200.jpg\" data-width=\"300\" data-height=\"200\" aria-label=\"\" role=\"img\" ><\/div>\n\t\t\t\t\t\t\t\t\t\t\t<div class=\"elementor-gallery-item__overlay\"><\/div>\n\t\t\t\t\t\t\t\t\t\t\t\t\t\t<\/a>\n\t\t\t\t\t\t\t<a class=\"e-gallery-item elementor-gallery-item elementor-animated-content\" href=\"https:\/\/apartmanyallis.cz\/wp-content\/uploads\/2020\/07\/IMG_6824.jpg\" data-elementor-open-lightbox=\"yes\" data-elementor-lightbox-slideshow=\"4f060cc\" data-e-action-hash=\"#elementor-action%3Aaction%3Dlightbox%26settings%3DeyJpZCI6MTkxLCJ1cmwiOiJodHRwczpcL1wvYXBhcnRtYW55YWxsaXMuY3pcL3dwLWNvbnRlbnRcL3VwbG9hZHNcLzIwMjBcLzA3XC9JTUdfNjgyNC5qcGciLCJzbGlkZXNob3ciOiI0ZjA2MGNjIn0%3D\">\n\t\t\t\t\t<div class=\"e-gallery-image elementor-gallery-item__image\" data-thumbnail=\"https:\/\/apartmanyallis.cz\/wp-content\/uploads\/2020\/07\/IMG_6824-300x200.jpg\" data-width=\"300\" data-height=\"200\" aria-label=\"\" role=\"img\" ><\/div>\n\t\t\t\t\t\t\t\t\t\t\t<div class=\"elementor-gallery-item__overlay\"><\/div>\n\t\t\t\t\t\t\t\t\t\t\t\t\t\t<\/a>\n\t\t\t\t\t<\/div>\n\t\t\t<\/div>\n\t\t\t\t<\/div>\n\t\t\t\t\t<\/div>\n\t\t<\/div>\n\t\t\t\t\t\t\t<\/div>\n\t\t<\/section>\n\t\t\t\t<section class=\"elementor-section elementor-top-section elementor-element elementor-element-7028610 elementor-section-boxed elementor-section-height-default elementor-section-height-default\" data-id=\"7028610\" data-element_type=\"section\">\n\t\t\t\t\t\t<div class=\"elementor-container elementor-column-gap-default\">\n\t\t\t\t\t<div class=\"elementor-column elementor-col-100 elementor-top-column elementor-element elementor-element-4449c66\" data-id=\"4449c66\" data-element_type=\"column\">\n\t\t\t<div class=\"elementor-widget-wrap elementor-element-populated\">\n\t\t\t\t\t\t\t\t<div class=\"elementor-element elementor-element-12c4104 elementor-align-center elementor-widget__width-auto elementor-fixed elementor-icon-list--layout-traditional elementor-list-item-link-full_width elementor-widget elementor-widget-icon-list\" data-id=\"12c4104\" data-element_type=\"widget\" data-settings=\"{&quot;_position&quot;:&quot;fixed&quot;}\" data-widget_type=\"icon-list.default\">\n\t\t\t\t<div class=\"elementor-widget-container\">\n\t\t\t\t\t<ul class=\"elementor-icon-list-items\">\n\t\t\t\t\t\t\t<li class=\"elementor-icon-list-item\">\n\t\t\t\t\t\t\t\t\t\t\t<a href=\"index.php\/#kontakt\">\n\n\t\t\t\t\t\t\t\t\t\t\t<span class=\"elementor-icon-list-text\">kontakt<\/span>\n\t\t\t\t\t\t\t\t\t\t\t<\/a>\n\t\t\t\t\t\t\t\t\t<\/li>\n\t\t\t\t\t\t\t\t<li class=\"elementor-icon-list-item\">\n\t\t\t\t\t\t\t\t\t\t\t<a href=\"index.php\/#o_allis\">\n\n\t\t\t\t\t\t\t\t\t\t\t<span class=\"elementor-icon-list-text\">o Allis<\/span>\n\t\t\t\t\t\t\t\t\t\t\t<\/a>\n\t\t\t\t\t\t\t\t\t<\/li>\n\t\t\t\t\t\t\t\t<li class=\"elementor-icon-list-item\">\n\t\t\t\t\t\t\t\t\t\t\t<a href=\"index.php\/#apartmany\">\n\n\t\t\t\t\t\t\t\t\t\t\t<span class=\"elementor-icon-list-text\">apartm\u00e1ny<\/span>\n\t\t\t\t\t\t\t\t\t\t\t<\/a>\n\t\t\t\t\t\t\t\t\t<\/li>\n\t\t\t\t\t\t\t\t<li class=\"elementor-icon-list-item\">\n\t\t\t\t\t\t\t\t\t\t\t<a href=\"index.php\/#dotaz\">\n\n\t\t\t\t\t\t\t\t\t\t\t<span class=\"elementor-icon-list-text\">dotaz<\/span>\n\t\t\t\t\t\t\t\t\t\t\t<\/a>\n\t\t\t\t\t\t\t\t\t<\/li>\n\t\t\t\t\t\t<\/ul>\n\t\t\t\t<\/div>\n\t\t\t\t<\/div>\n\t\t\t\t\t<\/div>\n\t\t<\/div>\n\t\t\t\t\t\t\t<\/div>\n\t\t<\/section>\n\t\t\t\t\t\t\t<\/div>\n\t\t","protected":false},"excerpt":{"rendered":"<p>zp\u011bt na v\u00fdb\u011br apartm\u00e1nu Apartm\u00e1n \u010d. 3\u00a0 2 lo\u017enice, 4 l\u016f\u017eka, no\u010dn\u00ed stolky, lampi\u010dky, \u0161atn\u00ed sk\u0159\u00edn\u011b \u00a0 koupelna (wc, sprchov\u00fd kout, umyvadlo se sk\u0159\u00ed\u0148kami, f\u00e9n) \u00a0 kuchyn\u011b (d\u0159ez, my\u010dka, lednice s mraz\u00e1kem, varn\u00e1 deska, trouba s grilem, mikrovln\u00e1 trouba, rychlovarn\u00e1 konvice, digesto\u0159, topinkova\u010d) \u00a0 j\u00eddeln\u00ed kout (st\u016fl + 6 \u017eidl\u00ed) ob\u00fdv\u00e1k (rozkl\u00e1dac\u00ed gau\u010d \/2 l\u016f\u017eka\/, &hellip; <\/p>\n<p class=\"link-more\"><a href=\"https:\/\/apartmanyallis.cz\/index.php\/apartman-3\/\" class=\"more-link\">Pokra\u010dovat ve \u010dten\u00ed<span class=\"screen-reader-text\"> &#8222;Apartm\u00e1n \u010d.3&#8220;<\/span><\/a><\/p>\n","protected":false},"author":1,"featured_media":0,"parent":0,"menu_order":0,"comment_status":"closed","ping_status":"closed","template":"elementor_canvas","meta":{"footnotes":""},"_links":{"self":[{"href":"https:\/\/apartmanyallis.cz\/index.php\/wp-json\/wp\/v2\/pages\/414"}],"collection":[{"href":"https:\/\/apartmanyallis.cz\/index.php\/wp-json\/wp\/v2\/pages"}],"about":[{"href":"https:\/\/apartmanyallis.cz\/index.php\/wp-json\/wp\/v2\/types\/page"}],"author":[{"embeddable":true,"href":"https:\/\/apartmanyallis.cz\/index.php\/wp-json\/wp\/v2\/users\/1"}],"replies":[{"embeddable":true,"href":"https:\/\/apartmanyallis.cz\/index.php\/wp-json\/wp\/v2\/comments?post=414"}],"version-history":[{"count":29,"href":"https:\/\/apartmanyallis.cz\/index.php\/wp-json\/wp\/v2\/pages\/414\/revisions"}],"predecessor-version":[{"id":662,"href":"https:\/\/apartmanyallis.cz\/index.php\/wp-json\/wp\/v2\/pages\/414\/revisions\/662"}],"wp:attachment":[{"href":"https:\/\/apartmanyallis.cz\/index.php\/wp-json\/wp\/v2\/media?parent=414"}],"curies":[{"name":"wp","href":"https:\/\/api.w.org\/{rel}","templated":true}]}}